{"id":8950,"date":"2024-06-29T14:33:00","date_gmt":"2024-06-29T14:33:00","guid":{"rendered":"https:\/\/ammmicro.mx\/congreso\/?page_id=8950"},"modified":"2026-03-20T18:11:36","modified_gmt":"2026-03-20T18:11:36","slug":"cursos-2","status":"publish","type":"page","link":"https:\/\/ammmicro.mx\/congreso\/cursos-2\/","title":{"rendered":"Cursos"},"content":{"rendered":"\t\t<div data-elementor-type=\"wp-page\" data-elementor-id=\"8950\" class=\"elementor elementor-8950\" data-elementor-post-type=\"page\">\n\t\t\t\t<div class=\"elementor-element elementor-element-d74c889 e-flex e-con-boxed e-con e-parent\" data-id=\"d74c889\" data-element_type=\"container\" data-e-type=\"container\">\n\t\t\t\t\t<div class=\"e-con-inner\">\n\t\t\t\t<div class=\"elementor-element elementor-element-b498750 elementor-widget elementor-widget-heading\" data-id=\"b498750\" data-element_type=\"widget\" data-e-type=\"widget\" data-widget_type=\"heading.default\">\n\t\t\t\t<div class=\"elementor-widget-container\">\n\t\t\t\t\t<h2 class=\"elementor-heading-title elementor-size-default\">Conoce nuestros cursos<\/h2>\t\t\t\t<\/div>\n\t\t\t\t<\/div>\n\t\t\t\t\t<\/div>\n\t\t\t\t<\/div>\n\t\t<div class=\"elementor-element elementor-element-c9208a9 e-flex e-con-boxed e-con e-parent\" data-id=\"c9208a9\" data-element_type=\"container\" data-e-type=\"container\">\n\t\t\t\t\t<div class=\"e-con-inner\">\n\t\t\t\t<div class=\"elementor-element elementor-element-7dc860e9 elementor-widget elementor-widget-text-editor\" data-id=\"7dc860e9\" data-element_type=\"widget\" data-e-type=\"widget\" data-widget_type=\"text-editor.default\">\n\t\t\t\t<div class=\"elementor-widget-container\">\n\t\t\t\t\t\t\t\t\t\n<p>Ampl\u00eda tus oportunidades profesionales tomando nuestros cursos.<\/p>\n\t\t\t\t\t\t\t\t<\/div>\n\t\t\t\t<\/div>\n\t\t\t\t\t<\/div>\n\t\t\t\t<\/div>\n\t\t<div class=\"elementor-element elementor-element-c0bbd88 e-grid e-con-boxed e-con e-parent\" data-id=\"c0bbd88\" data-element_type=\"container\" data-e-type=\"container\">\n\t\t\t\t\t<div class=\"e-con-inner\">\n\t\t<div class=\"elementor-element elementor-element-476d48e e-con-full e-flex e-con e-child\" data-id=\"476d48e\" data-element_type=\"container\" data-e-type=\"container\">\n\t\t\t\t<div class=\"elementor-element elementor-element-cff4e05 elementor-widget elementor-widget-image\" data-id=\"cff4e05\" data-element_type=\"widget\" data-e-type=\"widget\" data-widget_type=\"image.default\">\n\t\t\t\t<div class=\"elementor-widget-container\">\n\t\t\t\t\t\t\t\t\t\t\t\t\t\t\t<img fetchpriority=\"high\" decoding=\"async\" width=\"950\" height=\"960\" src=\"https:\/\/ammmicro.mx\/congreso\/wp-content\/uploads\/2026\/03\/curso1-1013x1024.webp\" class=\"attachment-large size-large wp-image-10805\" alt=\"\" srcset=\"https:\/\/ammmicro.mx\/congreso\/wp-content\/uploads\/2026\/03\/curso1-1013x1024.webp 1013w, https:\/\/ammmicro.mx\/congreso\/wp-content\/uploads\/2026\/03\/curso1-297x300.webp 297w, https:\/\/ammmicro.mx\/congreso\/wp-content\/uploads\/2026\/03\/curso1-600x607.webp 600w, https:\/\/ammmicro.mx\/congreso\/wp-content\/uploads\/2026\/03\/curso1-100x100.webp 100w, https:\/\/ammmicro.mx\/congreso\/wp-content\/uploads\/2026\/03\/curso1.webp 1163w\" sizes=\"100vw\" \/>\t\t\t\t\t\t\t\t\t\t\t\t\t\t\t<\/div>\n\t\t\t\t<\/div>\n\t\t\t\t<div class=\"elementor-element elementor-element-508628a elementor-widget elementor-widget-heading\" data-id=\"508628a\" data-element_type=\"widget\" data-e-type=\"widget\" data-widget_type=\"heading.default\">\n\t\t\t\t<div class=\"elementor-widget-container\">\n\t\t\t\t\t<h2 class=\"elementor-heading-title elementor-size-default\">Fundamentos de Microscop\u00eda\nElectr\u00f3nica de Barrido (SEM)\ny Microan\u00e1lisis por EDS.\n\nJEOL de M\u00e9xico<\/h2>\t\t\t\t<\/div>\n\t\t\t\t<\/div>\n\t\t\t\t<div class=\"elementor-element elementor-element-9ecaa7a elementor-button-info elementor-align-center elementor-widget elementor-widget-button\" data-id=\"9ecaa7a\" data-element_type=\"widget\" data-e-type=\"widget\" data-widget_type=\"button.default\">\n\t\t\t\t<div class=\"elementor-widget-container\">\n\t\t\t\t\t\t\t\t\t<div class=\"elementor-button-wrapper\">\n\t\t\t\t\t<a class=\"elementor-button elementor-button-link elementor-size-sm\" href=\"https:\/\/ammmicro.mx\/congreso\/wp-content\/uploads\/2026\/03\/Curso_1_Fundamentos_SEM.pdf\" target=\"_blank\">\n\t\t\t\t\t\t<span class=\"elementor-button-content-wrapper\">\n\t\t\t\t\t\t\t\t\t<span class=\"elementor-button-text\">Temario del Curso<\/span>\n\t\t\t\t\t<\/span>\n\t\t\t\t\t<\/a>\n\t\t\t\t<\/div>\n\t\t\t\t\t\t\t\t<\/div>\n\t\t\t\t<\/div>\n\t\t\t\t<\/div>\n\t\t<div class=\"elementor-element elementor-element-ea099f7 e-con-full e-flex e-con e-child\" data-id=\"ea099f7\" data-element_type=\"container\" data-e-type=\"container\">\n\t\t\t\t<div class=\"elementor-element elementor-element-4b2548a elementor-widget elementor-widget-image\" data-id=\"4b2548a\" data-element_type=\"widget\" data-e-type=\"widget\" data-widget_type=\"image.default\">\n\t\t\t\t<div class=\"elementor-widget-container\">\n\t\t\t\t\t\t\t\t\t\t\t\t\t\t\t<img decoding=\"async\" width=\"950\" height=\"960\" src=\"https:\/\/ammmicro.mx\/congreso\/wp-content\/uploads\/2026\/03\/curso2-1013x1024.webp\" class=\"attachment-large size-large wp-image-10806\" alt=\"\" srcset=\"https:\/\/ammmicro.mx\/congreso\/wp-content\/uploads\/2026\/03\/curso2-1013x1024.webp 1013w, https:\/\/ammmicro.mx\/congreso\/wp-content\/uploads\/2026\/03\/curso2-297x300.webp 297w, https:\/\/ammmicro.mx\/congreso\/wp-content\/uploads\/2026\/03\/curso2-600x607.webp 600w, https:\/\/ammmicro.mx\/congreso\/wp-content\/uploads\/2026\/03\/curso2-100x100.webp 100w, https:\/\/ammmicro.mx\/congreso\/wp-content\/uploads\/2026\/03\/curso2.webp 1163w\" sizes=\"100vw\" \/>\t\t\t\t\t\t\t\t\t\t\t\t\t\t\t<\/div>\n\t\t\t\t<\/div>\n\t\t\t\t<div class=\"elementor-element elementor-element-1874eb6 elementor-widget elementor-widget-heading\" data-id=\"1874eb6\" data-element_type=\"widget\" data-e-type=\"widget\" data-widget_type=\"heading.default\">\n\t\t\t\t<div class=\"elementor-widget-container\">\n\t\t\t\t\t<h2 class=\"elementor-heading-title elementor-size-default\">Principios b\u00e1sicos y nuevas\ntecnolog\u00edas de Microscop\u00eda\nElectr\u00f3nica de Transmisi\u00f3n.\nThermoFisher.<\/h2>\t\t\t\t<\/div>\n\t\t\t\t<\/div>\n\t\t\t\t<div class=\"elementor-element elementor-element-9266ffd elementor-button-info elementor-align-center elementor-widget elementor-widget-button\" data-id=\"9266ffd\" data-element_type=\"widget\" data-e-type=\"widget\" data-widget_type=\"button.default\">\n\t\t\t\t<div class=\"elementor-widget-container\">\n\t\t\t\t\t\t\t\t\t<div class=\"elementor-button-wrapper\">\n\t\t\t\t\t<a class=\"elementor-button elementor-button-link elementor-size-sm\" href=\"https:\/\/ammmicro.mx\/congreso\/wp-content\/uploads\/2026\/03\/Curso_2_Principios_MET.pdf\" target=\"_blank\">\n\t\t\t\t\t\t<span class=\"elementor-button-content-wrapper\">\n\t\t\t\t\t\t\t\t\t<span class=\"elementor-button-text\">Temario del Curso<\/span>\n\t\t\t\t\t<\/span>\n\t\t\t\t\t<\/a>\n\t\t\t\t<\/div>\n\t\t\t\t\t\t\t\t<\/div>\n\t\t\t\t<\/div>\n\t\t\t\t<\/div>\n\t\t<div class=\"elementor-element elementor-element-90489b1 e-con-full e-flex e-con e-child\" data-id=\"90489b1\" data-element_type=\"container\" data-e-type=\"container\">\n\t\t\t\t<div class=\"elementor-element elementor-element-f39db51 elementor-widget elementor-widget-image\" data-id=\"f39db51\" data-element_type=\"widget\" data-e-type=\"widget\" data-widget_type=\"image.default\">\n\t\t\t\t<div class=\"elementor-widget-container\">\n\t\t\t\t\t\t\t\t\t\t\t\t\t\t\t<img decoding=\"async\" width=\"950\" height=\"960\" src=\"https:\/\/ammmicro.mx\/congreso\/wp-content\/uploads\/2026\/03\/curso3-1013x1024.webp\" class=\"attachment-large size-large wp-image-10807\" alt=\"\" srcset=\"https:\/\/ammmicro.mx\/congreso\/wp-content\/uploads\/2026\/03\/curso3-1013x1024.webp 1013w, https:\/\/ammmicro.mx\/congreso\/wp-content\/uploads\/2026\/03\/curso3-297x300.webp 297w, https:\/\/ammmicro.mx\/congreso\/wp-content\/uploads\/2026\/03\/curso3-600x607.webp 600w, https:\/\/ammmicro.mx\/congreso\/wp-content\/uploads\/2026\/03\/curso3-100x100.webp 100w, https:\/\/ammmicro.mx\/congreso\/wp-content\/uploads\/2026\/03\/curso3.webp 1163w\" sizes=\"100vw\" \/>\t\t\t\t\t\t\t\t\t\t\t\t\t\t\t<\/div>\n\t\t\t\t<\/div>\n\t\t\t\t<div class=\"elementor-element elementor-element-4c4f522 elementor-widget elementor-widget-heading\" data-id=\"4c4f522\" data-element_type=\"widget\" data-e-type=\"widget\" data-widget_type=\"heading.default\">\n\t\t\t\t<div class=\"elementor-widget-container\">\n\t\t\t\t\t<h2 class=\"elementor-heading-title elementor-size-default\">Fluorescencia m\u00e1s all\u00e1 de la\ndifracci\u00f3n: t\u00e9cnicas\nmodernas en microscop\u00eda\nconfocal, super resoluci\u00f3n y\nan\u00e1lisis de imagen. Carl Zeiss\nde M\u00e9xico<\/h2>\t\t\t\t<\/div>\n\t\t\t\t<\/div>\n\t\t\t\t<div class=\"elementor-element elementor-element-05969e0 elementor-button-info elementor-align-center elementor-widget elementor-widget-button\" data-id=\"05969e0\" data-element_type=\"widget\" data-e-type=\"widget\" data-widget_type=\"button.default\">\n\t\t\t\t<div class=\"elementor-widget-container\">\n\t\t\t\t\t\t\t\t\t<div class=\"elementor-button-wrapper\">\n\t\t\t\t\t<a class=\"elementor-button elementor-button-link elementor-size-sm\" href=\"https:\/\/ammmicro.mx\/congreso\/wp-content\/uploads\/2026\/03\/Curso_3_Fluorescencia_difraccion.pdf\" target=\"_blank\">\n\t\t\t\t\t\t<span class=\"elementor-button-content-wrapper\">\n\t\t\t\t\t\t\t\t\t<span class=\"elementor-button-text\">Temario del Curso<\/span>\n\t\t\t\t\t<\/span>\n\t\t\t\t\t<\/a>\n\t\t\t\t<\/div>\n\t\t\t\t\t\t\t\t<\/div>\n\t\t\t\t<\/div>\n\t\t\t\t<\/div>\n\t\t\t\t\t<\/div>\n\t\t\t\t<\/div>\n\t\t<div class=\"elementor-element elementor-element-5035ff7 e-flex e-con-boxed e-con e-parent\" data-id=\"5035ff7\" data-element_type=\"container\" data-e-type=\"container\">\n\t\t\t\t\t<div class=\"e-con-inner\">\n\t\t\t\t<div class=\"elementor-element elementor-element-209cd25 elementor-widget elementor-widget-text-editor\" data-id=\"209cd25\" data-element_type=\"widget\" data-e-type=\"widget\" data-widget_type=\"text-editor.default\">\n\t\t\t\t<div class=\"elementor-widget-container\">\n\t\t\t\t\t\t\t\t\t<h4>Te invitamos a conocer c\u00f3mo puedes registrarte a los cursos<\/h4>\t\t\t\t\t\t\t\t<\/div>\n\t\t\t\t<\/div>\n\t\t\t\t<div class=\"elementor-element elementor-element-89eeb8c elementor-align-center elementor-widget elementor-widget-button\" data-id=\"89eeb8c\" data-element_type=\"widget\" data-e-type=\"widget\" data-widget_type=\"button.default\">\n\t\t\t\t<div class=\"elementor-widget-container\">\n\t\t\t\t\t\t\t\t\t<div class=\"elementor-button-wrapper\">\n\t\t\t\t\t<a class=\"elementor-button elementor-button-link elementor-size-sm\" href=\"https:\/\/ammmicro.mx\/congreso\/wp-content\/uploads\/2024\/07\/Procedimiento-para-seleccionar-el-curso-pre-congreso.pdf\">\n\t\t\t\t\t\t<span class=\"elementor-button-content-wrapper\">\n\t\t\t\t\t\t\t\t\t<span class=\"elementor-button-text\">Descargar instructivo<\/span>\n\t\t\t\t\t<\/span>\n\t\t\t\t\t<\/a>\n\t\t\t\t<\/div>\n\t\t\t\t\t\t\t\t<\/div>\n\t\t\t\t<\/div>\n\t\t\t\t\t<\/div>\n\t\t\t\t<\/div>\n\t\t<div class=\"elementor-element elementor-element-4f9a401 e-flex e-con-boxed e-con e-parent\" data-id=\"4f9a401\" data-element_type=\"container\" data-e-type=\"container\">\n\t\t\t\t\t<div class=\"e-con-inner\">\n\t\t\t\t<div class=\"elementor-element elementor-element-ca135da elementor-widget elementor-widget-text-editor\" data-id=\"ca135da\" data-element_type=\"widget\" data-e-type=\"widget\" data-widget_type=\"text-editor.default\">\n\t\t\t\t<div class=\"elementor-widget-container\">\n\t\t\t\t\t\t\t\t\t<h3><strong>Costo de inscripci\u00f3n a cursos: <\/strong><\/h3>\n<h3><strong>Estudiantes $500.00<\/strong><\/h3>\n<h3><strong>Acad\u00e9micos $1000.00<\/strong><\/h3>\n<h3><strong>P\u00fablico en general $2000.00<\/strong><\/h3>\n<p style=\"color: #7a7a7a; font-size: 14px; line-height: 16px;\">Realiza tu <b>pago directamente en nuestra cuenta BANORTE<\/b> con los siguientes datos:<\/p>\n<p style=\"color: #7a7a7a; font-weight: bold; font-size: 16px; line-height: 18px;\"><strong>ASOCIACI\u00d3N MEXICANA DE MICROSCOPIA A.C.<br \/>N\u00famero de Cuenta: 1076 0909 86<br \/>CLABE Interbancaria: 072180010760909868<\/strong><\/p>\n<p style=\"line-height: 20px; font-size: 16px; color: #0d87b4;\"><strong>Cuando realices tu pago, inicia sesi\u00f3n con tu usuario y sube tu comprobante.<\/strong><\/p>\n<p style=\"color: #c00d0d; font-weight: bold; font-size: 11px; line-height: 13px;\">*Los costos de inscripci\u00f3n son en pesos mexicanos (MXN)\u00a0<\/p>\t\t\t\t\t\t\t\t<\/div>\n\t\t\t\t<\/div>\n\t\t\t\t\t<\/div>\n\t\t\t\t<\/div>\n\t\t\t\t<\/div>\n\t\t","protected":false},"excerpt":{"rendered":"<p>Conoce nuestros cursos Ampl\u00eda tus oportunidades profesionales tomando nuestros cursos. Fundamentos de Microscop\u00eda Electr\u00f3nica de Barrido (SEM) y Microan\u00e1lisis por EDS. JEOL de M\u00e9xico Temario del Curso Principios b\u00e1sicos y nuevas tecnolog\u00edas de Microscop\u00eda Electr\u00f3nica de Transmisi\u00f3n. ThermoFisher. Temario del Curso Fluorescencia m\u00e1s all\u00e1 de la difracci\u00f3n: t\u00e9cnicas modernas en microscop\u00eda confocal, super resoluci\u00f3n y &hellip; <\/p>\n<p class=\"link-more\"><a href=\"https:\/\/ammmicro.mx\/congreso\/cursos-2\/\" class=\"more-link\">Leer m\u00e1s<span class=\"screen-reader-text\"> \u00abCursos\u00bb<\/span><\/a><\/p>\n","protected":false},"author":1,"featured_media":0,"parent":0,"menu_order":0,"comment_status":"closed","ping_status":"closed","template":"","meta":{"_monsterinsights_skip_tracking":false,"_monsterinsights_sitenote_active":false,"_monsterinsights_sitenote_note":"","_monsterinsights_sitenote_category":0,"_jf_save_progress":"","_jf_schedule_form":"","_jf_limit_responses":"","inspiro_hide_title":false,"footnotes":""},"class_list":["post-8950","page","type-page","status-publish","hentry"],"aioseo_notices":[],"featured_media_urls":[],"_links":{"self":[{"href":"https:\/\/ammmicro.mx\/congreso\/wp-json\/wp\/v2\/pages\/8950","targetHints":{"allow":["GET"]}}],"collection":[{"href":"https:\/\/ammmicro.mx\/congreso\/wp-json\/wp\/v2\/pages"}],"about":[{"href":"https:\/\/ammmicro.mx\/congreso\/wp-json\/wp\/v2\/types\/page"}],"author":[{"embeddable":true,"href":"https:\/\/ammmicro.mx\/congreso\/wp-json\/wp\/v2\/users\/1"}],"replies":[{"embeddable":true,"href":"https:\/\/ammmicro.mx\/congreso\/wp-json\/wp\/v2\/comments?post=8950"}],"version-history":[{"count":55,"href":"https:\/\/ammmicro.mx\/congreso\/wp-json\/wp\/v2\/pages\/8950\/revisions"}],"predecessor-version":[{"id":10813,"href":"https:\/\/ammmicro.mx\/congreso\/wp-json\/wp\/v2\/pages\/8950\/revisions\/10813"}],"wp:attachment":[{"href":"https:\/\/ammmicro.mx\/congreso\/wp-json\/wp\/v2\/media?parent=8950"}],"curies":[{"name":"wp","href":"https:\/\/api.w.org\/{rel}","templated":true}]}}